{"id":119,"date":"2012-12-28T08:18:32","date_gmt":"2012-12-28T07:18:32","guid":{"rendered":"http:\/\/weimarersv.de\/wordpress\/?page_id=119"},"modified":"2013-01-04T13:05:40","modified_gmt":"2013-01-04T12:05:40","slug":"wanderhuette","status":"publish","type":"page","link":"https:\/\/weimarersv.de\/wordpress\/index.php\/wanderhuette\/","title":{"rendered":"Unsere Wanderh\u00fctte"},"content":{"rendered":"<p style=\"text-align: center;\">Die Mitglieder der Abteilung Wandern\/Wintersport haben 1970 bis 1975 aus einem Rinderoffenstall eine Ski- und Wanderh\u00fctte gebaut.<br \/>Nach dem Richtfest 1975 erhielt dann zur Einweihung 1977 die Ski- und Wanderh\u00fctte am 14.09.1977 den Namen<\/p>\n<p style=\"text-align: center;\"><strong>\u201eWEIMAR \u2013 H\u00dcTTE\u201c<\/strong><\/p>\n<p style=\"text-align: center;\">Vorhanden ist ein gro\u00dfer Schlafraum (17 Betten), Aufenthaltsraum (20 Personen), Waschraum und K\u00fcche. Nur die Toilette (Plumsklo) befindet sich seit Erbauung im Au\u00dfenbereich (ca. 10m entfernt).<br \/>Die Ski- und Wanderh\u00fctte ist nicht \u00f6ffentlich und wird im Sommer und Winter ausschlie\u00dflich von den Mitgliedern der Abteilung Wandern und Mitgliedern anderer Abteilungen unseres Vereins genutzt.<\/p>\n<p style=\"text-align: center;\">\u00a0<\/p>\n","protected":false},"excerpt":{"rendered":"<p>Die Mitglieder der Abteilung Wandern\/Wintersport haben 1970 bis 1975 aus einem Rinderoffenstall eine Ski- und Wanderh\u00fctte gebaut.Nach dem Richtfest 1975 erhielt dann zur Einweihung 1977 die Ski- und Wanderh\u00fctte am 14.09.1977 den Namen \u201eWEIMAR \u2013 H\u00dcTTE\u201c Vorhanden ist ein gro\u00dfer &hellip; <a href=\"https:\/\/weimarersv.de\/wordpress\/index.php\/wanderhuette\/\">Weiterlesen <span class=\"meta-nav\">&rarr;<\/span><\/a><\/p>\n","protected":false},"author":1,"featured_media":0,"parent":0,"menu_order":0,"comment_status":"closed","ping_status":"open","template":"","meta":{"ngg_post_thumbnail":0,"footnotes":""},"class_list":["post-119","page","type-page","status-publish","hentry"],"_links":{"self":[{"href":"https:\/\/weimarersv.de\/wordpress\/index.php\/wp-json\/wp\/v2\/pages\/119","targetHints":{"allow":["GET"]}}],"collection":[{"href":"https:\/\/weimarersv.de\/wordpress\/index.php\/wp-json\/wp\/v2\/pages"}],"about":[{"href":"https:\/\/weimarersv.de\/wordpress\/index.php\/wp-json\/wp\/v2\/types\/page"}],"author":[{"embeddable":true,"href":"https:\/\/weimarersv.de\/wordpress\/index.php\/wp-json\/wp\/v2\/users\/1"}],"replies":[{"embeddable":true,"href":"https:\/\/weimarersv.de\/wordpress\/index.php\/wp-json\/wp\/v2\/comments?post=119"}],"version-history":[{"count":7,"href":"https:\/\/weimarersv.de\/wordpress\/index.php\/wp-json\/wp\/v2\/pages\/119\/revisions"}],"predecessor-version":[{"id":203,"href":"https:\/\/weimarersv.de\/wordpress\/index.php\/wp-json\/wp\/v2\/pages\/119\/revisions\/203"}],"wp:attachment":[{"href":"https:\/\/weimarersv.de\/wordpress\/index.php\/wp-json\/wp\/v2\/media?parent=119"}],"curies":[{"name":"wp","href":"https:\/\/api.w.org\/{rel}","templated":true}]}}