{"id":31,"date":"2012-12-27T09:48:52","date_gmt":"2012-12-27T08:48:52","guid":{"rendered":"http:\/\/weimarersv.de\/wordpress\/?page_id=31"},"modified":"2026-01-06T12:12:16","modified_gmt":"2026-01-06T11:12:16","slug":"kontakt","status":"publish","type":"page","link":"https:\/\/weimarersv.de\/wordpress\/index.php\/kontakt\/","title":{"rendered":"E-Mail an Uns"},"content":{"rendered":"<h3>Sehr geehrter Besucher unserer Website,<\/h3>\n<h3>aus Sicherheitsgr\u00fcnden haben wir unser Kontaktformular vor\u00fcbergehend abgeschaltet.<\/h3>\n<h3>Sie m\u00f6chten uns eine Nachricht zukommen lassen? Kein Problem!<\/h3>\n<h3>Nutzen Sie einfach Ihr E-Mail-Programm oder den Webmailer Ihres E-Mail-Accounts und schreiben eine E-Mail an:<\/h3>\n<h3><strong>info(at)weimarersv.de ( das &#8220; (at) &#8220; bitte durch &#8220; @ &#8220; ersetzen!<\/strong><\/h3>\n<h3>Wir freuen uns auf Ihre Post.<\/h3>\n<h3>Vielen Dank und freundliche Gr\u00fc\u00dfe.<\/h3>\n<h3>Weimarer Sportverein e.V.<\/h3>\n<p>&nbsp;<\/p>\n","protected":false},"excerpt":{"rendered":"<p>Sehr geehrter Besucher unserer Website, aus Sicherheitsgr\u00fcnden haben wir unser Kontaktformular vor\u00fcbergehend abgeschaltet. Sie m\u00f6chten uns eine Nachricht zukommen lassen? Kein Problem! Nutzen Sie einfach Ihr E-Mail-Programm oder den Webmailer Ihres E-Mail-Accounts und schreiben eine E-Mail an: info(at)weimarersv.de ( das &hellip; <a href=\"https:\/\/weimarersv.de\/wordpress\/index.php\/kontakt\/\">Weiterlesen <span class=\"meta-nav\">&rarr;<\/span><\/a><\/p>\n","protected":false},"author":1,"featured_media":0,"parent":0,"menu_order":0,"comment_status":"closed","ping_status":"open","template":"","meta":{"ngg_post_thumbnail":0,"footnotes":""},"class_list":["post-31","page","type-page","status-publish","hentry"],"_links":{"self":[{"href":"https:\/\/weimarersv.de\/wordpress\/index.php\/wp-json\/wp\/v2\/pages\/31","targetHints":{"allow":["GET"]}}],"collection":[{"href":"https:\/\/weimarersv.de\/wordpress\/index.php\/wp-json\/wp\/v2\/pages"}],"about":[{"href":"https:\/\/weimarersv.de\/wordpress\/index.php\/wp-json\/wp\/v2\/types\/page"}],"author":[{"embeddable":true,"href":"https:\/\/weimarersv.de\/wordpress\/index.php\/wp-json\/wp\/v2\/users\/1"}],"replies":[{"embeddable":true,"href":"https:\/\/weimarersv.de\/wordpress\/index.php\/wp-json\/wp\/v2\/comments?post=31"}],"version-history":[{"count":7,"href":"https:\/\/weimarersv.de\/wordpress\/index.php\/wp-json\/wp\/v2\/pages\/31\/revisions"}],"predecessor-version":[{"id":846,"href":"https:\/\/weimarersv.de\/wordpress\/index.php\/wp-json\/wp\/v2\/pages\/31\/revisions\/846"}],"wp:attachment":[{"href":"https:\/\/weimarersv.de\/wordpress\/index.php\/wp-json\/wp\/v2\/media?parent=31"}],"curies":[{"name":"wp","href":"https:\/\/api.w.org\/{rel}","templated":true}]}}