{"id":40,"date":"2012-12-27T09:54:43","date_gmt":"2012-12-27T08:54:43","guid":{"rendered":"http:\/\/weimarersv.de\/wordpress\/?page_id=40"},"modified":"2026-01-06T12:09:41","modified_gmt":"2026-01-06T11:09:41","slug":"impressum","status":"publish","type":"page","link":"https:\/\/weimarersv.de\/wordpress\/index.php\/impressum\/","title":{"rendered":"Impressum"},"content":{"rendered":"<p>Angaben gem\u00e4\u00df \u00a7 5 DDG (Digitale-Dienste-Gesetz):<\/p>\n<p>Weimarer Sportverein e. V.<br \/>\nSportb\u00fcro<br \/>\nAm Sportplatz 12<br \/>\n99425 Weimar<\/p>\n<p><span style=\"text-decoration: underline;\">Gesch\u00e4ftszeiten:<\/span><br \/>\nMontag &#8211; Freitag<br \/>\n08:00 &#8211; 12:00 Uhr<\/p>\n<p><strong>Vertreten durch:<\/strong><\/p>\n<p>Vorstand:<\/p>\n<p>Vorsitzender:&nbsp;&nbsp;&nbsp;&nbsp;&nbsp;&nbsp;&nbsp;&nbsp;&nbsp;&nbsp;&nbsp; Kai Stodollik<br \/>\nstellv. Vorsitzender:&nbsp; Andr\u00e9 Domagalla<br \/>\nSchatzmeisterin:&nbsp;&nbsp;&nbsp;&nbsp;&nbsp; Anke Kl\u00fc\u00dfendorf<\/p>\n<p><strong>Kontakt:<\/strong><\/p>\n<table>\n<tbody>\n<tr>\n<td>Telefon:<\/td>\n<td>+49(0)3643 502049<\/td>\n<\/tr>\n<tr>\n<td>&nbsp;<\/td>\n<td>&nbsp;<\/td>\n<\/tr>\n<tr>\n<td>E-Mail:<\/td>\n<td>info(at)weimarersv.de<\/td>\n<\/tr>\n<\/tbody>\n<\/table>\n<p><strong>Registereintrag:<\/strong><\/p>\n<p>Eintragung im Vereinsregister.<br \/>\nRegistergericht:&nbsp;&nbsp;&nbsp;&nbsp;Amtsgericht Weimar<br \/>\nRegisternummer: VR 130107<\/p>\n<p>Quelle: <em>Impressumgenerator, <a href=\"http:\/\/www.e-recht24.de\" target=\"_blank\" rel=\"noopener noreferrer\">http:\/\/www.e-recht24.de<\/a><\/em><\/p>\n<p><strong>Verantwortlicher Website:<\/strong><\/p>\n<p><a title=\"E-Mail an Kai Stodollik\" href=\"https:\/\/weimarersv-fussball.de\/wordpress\/index.php\/mannschaften\/manner\/kontakt-sto\/\">Kai Stodollik<\/a><\/p>\n<p><strong>Haftungsausschluss:<\/strong><\/p>\n<p><strong>Haftung f\u00fcr Inhalte<\/strong><\/p>\n<p>Die Inhalte unserer Seiten wurden mit gr\u00f6\u00dfter Sorgfalt erstellt.<br \/>\nF\u00fcr die Richtigkeit, Vollst\u00e4ndigkeit und Aktualit\u00e4t der Inhalte<br \/>\nk\u00f6nnen wir jedoch keine Gew\u00e4hr \u00fcbernehmen.<br \/>\nAls Diensteanbieter sind wir gem\u00e4\u00df \u00a7 5 Abs.1 DDG f\u00fcr<br \/>\neigene Inhalte auf diesen Seiten nach den allgemeinen Gesetzen verantwortlich.<br \/>\nNach \u00a7\u00a7 8 bis 10 DDG sind wir als Diensteanbieter jedoch nicht<br \/>\nverpflichtet, \u00fcbermittelte oder gespeicherte fremde Informationen zu<br \/>\n\u00fcberwachen oder nach Umst\u00e4nden zu forschen, die auf eine rechtswidrige<br \/>\nT\u00e4tigkeit hinweisen. Verpflichtungen zur Entfernung oder Sperrung der<br \/>\nNutzung von Informationen nach den allgemeinen Gesetzen bleiben hiervon<br \/>\nunber\u00fchrt. Eine diesbez\u00fcgliche Haftung ist jedoch erst ab dem<br \/>\nZeitpunkt der Kenntnis einer konkreten Rechtsverletzung m\u00f6glich. Bei<br \/>\nBekanntwerden von entsprechenden Rechtsverletzungen werden wir diese Inhalte<br \/>\numgehend entfernen.<\/p>\n<p><strong>Haftung f\u00fcr Links<\/strong><\/p>\n<p>Unser Angebot enth\u00e4lt Links zu externen Webseiten Dritter, auf deren<br \/>\nInhalte wir keinen Einfluss haben. Deshalb k\u00f6nnen wir f\u00fcr diese<br \/>\nfremden Inhalte auch keine Gew\u00e4hr \u00fcbernehmen. F\u00fcr die Inhalte<br \/>\nder verlinkten Seiten ist stets der jeweilige Anbieter oder Betreiber der<br \/>\nSeiten verantwortlich. Die verlinkten Seiten wurden zum Zeitpunkt der Verlinkung<br \/>\nauf m\u00f6gliche Rechtsverst\u00f6\u00dfe \u00fcberpr\u00fcft. Rechtswidrige<br \/>\nInhalte waren zum Zeitpunkt der Verlinkung nicht erkennbar. Eine permanente<br \/>\ninhaltliche Kontrolle der verlinkten Seiten ist jedoch ohne konkrete Anhaltspunkte<br \/>\neiner Rechtsverletzung nicht zumutbar. Bei Bekanntwerden von Rechtsverletzungen<br \/>\nwerden wir derartige Links umgehend entfernen.<\/p>\n<p><strong>Urheberrecht<\/strong><\/p>\n<p>Die durch die Seitenbetreiber erstellten Inhalte und Werke auf diesen Seiten<br \/>\nunterliegen dem deutschen Urheberrecht. Die Vervielf\u00e4ltigung, Bearbeitung, Verbreitung und<br \/>\njede Art der Verwertung au\u00dferhalb der Grenzen des Urheberrechtes bed\u00fcrfen<br \/>\nder schriftlichen Zustimmung des jeweiligen Autors bzw. Erstellers. Downloads<br \/>\nund Kopien dieser Seite sind nur f\u00fcr den privaten, nicht kommerziellen<br \/>\nGebrauch gestattet. Soweit die Inhalte auf dieser Seite nicht vom Betreiber erstellt wurden,<br \/>\nwerden die Urheberrechte Dritter beachtet. Insbesondere werden Inhalte Dritter als solche<br \/>\ngekennzeichnet. Sollten Sie trotzdem auf eine Urheberrechtsverletzung aufmerksam werden, bitten wir um einen entsprechenden Hinweis.<br \/>\nBei Bekanntwerden von Rechtsverletzungen werden wir derartige Inhalte umgehend entfernen.<\/p>\n<p><strong>Datenschutz<\/strong><\/p>\n<p>Informationen zum Datenschutz finden Sie unter der Rubrik &#8222;<a href=\"https:\/\/weimarersv.de\/wordpress\/index.php\/datenschutzerklaerung\/\">Datenschutz<\/a>&#8222;.<\/p>\n<p><em>Quellenangaben: <a href=\"http:\/\/www.e-recht24.de\/muster-disclaimer.htm\" target=\"_blank\" rel=\"noopener noreferrer\">Disclaimer eRecht24<\/a>,<\/em><\/p>\n","protected":false},"excerpt":{"rendered":"<p>Angaben gem\u00e4\u00df \u00a7 5 DDG (Digitale-Dienste-Gesetz): Weimarer Sportverein e. V. Sportb\u00fcro Am Sportplatz 12 99425 Weimar Gesch\u00e4ftszeiten: Montag &#8211; Freitag 08:00 &#8211; 12:00 Uhr Vertreten durch: Vorstand: Vorsitzender:&nbsp;&nbsp;&nbsp;&nbsp;&nbsp;&nbsp;&nbsp;&nbsp;&nbsp;&nbsp;&nbsp; Kai Stodollik stellv. Vorsitzender:&nbsp; Andr\u00e9 Domagalla Schatzmeisterin:&nbsp;&nbsp;&nbsp;&nbsp;&nbsp; Anke Kl\u00fc\u00dfendorf Kontakt: Telefon: +49(0)3643 &hellip; <a href=\"https:\/\/weimarersv.de\/wordpress\/index.php\/impressum\/\">Weiterlesen <span class=\"meta-nav\">&rarr;<\/span><\/a><\/p>\n","protected":false},"author":1,"featured_media":0,"parent":0,"menu_order":0,"comment_status":"closed","ping_status":"open","template":"","meta":{"ngg_post_thumbnail":0,"footnotes":""},"class_list":["post-40","page","type-page","status-publish","hentry"],"_links":{"self":[{"href":"https:\/\/weimarersv.de\/wordpress\/index.php\/wp-json\/wp\/v2\/pages\/40","targetHints":{"allow":["GET"]}}],"collection":[{"href":"https:\/\/weimarersv.de\/wordpress\/index.php\/wp-json\/wp\/v2\/pages"}],"about":[{"href":"https:\/\/weimarersv.de\/wordpress\/index.php\/wp-json\/wp\/v2\/types\/page"}],"author":[{"embeddable":true,"href":"https:\/\/weimarersv.de\/wordpress\/index.php\/wp-json\/wp\/v2\/users\/1"}],"replies":[{"embeddable":true,"href":"https:\/\/weimarersv.de\/wordpress\/index.php\/wp-json\/wp\/v2\/comments?post=40"}],"version-history":[{"count":17,"href":"https:\/\/weimarersv.de\/wordpress\/index.php\/wp-json\/wp\/v2\/pages\/40\/revisions"}],"predecessor-version":[{"id":845,"href":"https:\/\/weimarersv.de\/wordpress\/index.php\/wp-json\/wp\/v2\/pages\/40\/revisions\/845"}],"wp:attachment":[{"href":"https:\/\/weimarersv.de\/wordpress\/index.php\/wp-json\/wp\/v2\/media?parent=40"}],"curies":[{"name":"wp","href":"https:\/\/api.w.org\/{rel}","templated":true}]}}