{"id":696,"date":"2018-07-05T12:08:47","date_gmt":"2018-07-05T10:08:47","guid":{"rendered":"https:\/\/weimarersv.de\/wordpress\/?page_id=696"},"modified":"2020-02-24T18:37:20","modified_gmt":"2020-02-24T17:37:20","slug":"datenschutzerklaerung","status":"publish","type":"page","link":"https:\/\/weimarersv.de\/wordpress\/index.php\/datenschutzerklaerung\/","title":{"rendered":"Datenschutzerkl\u00e4rung"},"content":{"rendered":"<p>Diese Datenschutzerkl\u00e4rung kl\u00e4rt Sie \u00fcber die Art, den Umfang und Zweck der Verarbeitung von personenbezogenen Daten innerhalb unseres Internetauftritts auf.<\/p>\n<p>Verantwortlich:<\/p>\n<ul style=\"list-style-type: circle;\">\n<li>Weimarer Sportverein e.V.<\/li>\n<li>Am Sportplatz 12<\/li>\n<li>99425 Weimar, Deutschland<\/li>\n<li>E-Mailadresse: info(at)weimarersv.de<\/li>\n<li>Vorstand: Kai Stodollik<\/li>\n<li>Link zum Impressum: https:\/\/weimarersv.de\/wordpress\/index.php\/impressum\/<\/li>\n<li>Kontakt Datenschutzbeauftragte\/r: datenschutz(at)weimarersv.de<\/li>\n<\/ul>\n<p>Wir bitten Sie, sich regelm\u00e4\u00dfig \u00fcber den Inhalt unserer Datenschutzerkl\u00e4rung zu informieren.<\/p>\n<p><span style=\"text-decoration: underline;\"><strong>Erhebung und Verarbeitung von Daten<\/strong><\/span><\/p>\n<p>Sie k\u00f6nnen unsere Internetseiten ohne Registrierung und ohne Angabe personenbezogener Daten wie Namen oder Adressen nutzen.<\/p>\n<p>Sie haben entsprechend Art. 15 DSGVO das Recht auf Auskunft, welche Daten verarbeitet werden. Sie haben entsprechend. Art. 16 DSGVO das Recht, die eine Berichtigung der Sie betreffenden Daten zu verlangen. Sie haben entsprechend Art. 17 DSGVO das Recht auf L\u00f6schung der Sie betreffende Daten. Sie haben entsprechend Art. 20 DSGVO das Recht auf Herausgabe der Sie betreffenden Daten. Sie haben entsprechend Art. 77 DSGVO das Recht, eine Beschwerde bei der zust\u00e4ndigen Aufsichtsbeh\u00f6rde einzureichen. Sie haben das Recht, erteilte Einwilligungen gem. Art. 7 Abs. 3 DSGVO mit Wirkung f\u00fcr die Zukunft zu widerrufen. Sie k\u00f6nnen der k\u00fcnftigen Verarbeitung der Sie betreffenden Daten entsprechend Art. 21 DSGVO jederzeit widersprechen. Der Widerspruch kann insbesondere gegen die Verarbeitung f\u00fcr Zwecke der Direktwerbung erfolgen.<\/p>\n<p><span style=\"text-decoration: underline;\"><strong>Datenverarbeitung von Mitgliedern des Vereins auf dieser Internetseite<\/strong><\/span><\/p>\n<p>Personenbezogene Daten (z. B. Name, Geburtstag, Geschlecht, Telefonnummern, E-Mailadressen) erheben und verarbeiten wir nur, wenn Du uns diese im Rahmen des Aufnahmeantrags zur Mitgliedschaft zur Verf\u00fcgung gestellt hast, und nur soweit dies f\u00fcr die Begr\u00fcndung und inhaltliche Ausgestaltung oder \u00c4nderung des Rechtsverh\u00e4ltnisses erforderlich ist.<\/p>\n<p>Ohne dein Einverst\u00e4ndnis oder eine entsprechende beh\u00f6rdliche Anordnung werden Deine pers\u00f6nlichen Daten von uns oder von uns beauftragten Personen keinen Dritten Personen zur Verf\u00fcgung gestellt.<br \/>\nDu kannst jederzeit die \u00c4nderung, Anonymisierung und L\u00f6schung Deiner Daten verlangen.<\/p>\n<p>Zur Erf\u00fcllung der sportlichen Zielstellungen im Wettkampfbetrieb und zur Erh\u00f6hung der Attraktivit\u00e4t unseres Vereins ist die Erfassung, Speicherung und Auswertung spezifischer Leistungsparameter erforderlich. Die Erfassung, Auswertung und Ver\u00f6ffentlichung der spezifischen Daten erfolgt personen- und teambezogen.<\/p>\n<p><span style=\"text-decoration: underline;\"><strong>Cookies<\/strong><\/span><\/p>\n<p>Unsere Internetseiten k\u00f6nnen Cookies verwenden. Cookies sind kleine Textdateien, die Ihr Browser auf Ihrem Rechner speichert. Sie dienen dazu, unsere Internetseite nutzerfreundlicher zu machen. Bei den Cookies handelt es sich um sogenannte \u201eSession-Cookies\u201c, die nur f\u00fcr die Zeitdauer des aktuellen Besuchs auf unserer Onlinepr\u00e4senz abgelegt und wieder gel\u00f6scht werden, wenn Sie die Nutzung unseres Onlinepr\u00e4senz beendet haben oder den Browser schlie\u00dfen. Sie k\u00f6nnen Ihren Browser so einstellen, dass Sie \u00fcber das Setzen von Cookies informiert werden, Cookies nur im Einzelfall erlauben oder die Annahme von Cookies generell ausschlie\u00dfen. Bei der generellen Deaktivierung von Cookies kann die Funktionalit\u00e4t der Internetseiten eingeschr\u00e4nkt sein.<\/p>\n<p><span style=\"text-decoration: underline;\"><strong>Datenschutzerkl\u00e4rung f\u00fcr die Nutzung Google Maps<\/strong><\/span><\/p>\n<p>Diese Webseite verwendet Google Maps, ein Dienst um geographische Informationen visuell darzustellen. Anbieter ist die Google Inc., 1600 Amphitheatre Parkway Mountain View, CA 94043, USA.<\/p>\n<p>Durch Nutzung dieser Webseite erkl\u00e4rst Du Dich mit der Erfassung, Bearbeitung sowie Nutzung der automatisiert erhobenen Daten durch Google Inc, deren Vertreter sowie Dritter einverstanden.<br \/>\nDie Nutzungsbedingungen von Google Maps findest Du unter: https:\/\/policies.google.com\/privacy?hl=de&amp;gl=de<\/p>\n<p><span style=\"text-decoration: underline;\"><strong>Datenverarbeitung bei Nutzung unseres Kontaktformulars<\/strong><\/span><\/p>\n<p>Bei Fragen jeglicher Art bieten wir Dir die M\u00f6glichkeit, mit uns \u00fcber ein auf der Website bereitgestelltes Formular Kontakt aufzunehmen. Dabei ist die Angabe eines Namens und die E-Mailadresse erforderlich, damit auf diese zur Bearbeitung und Beantwortung Deiner Anfrage zur\u00fcckgegriffen werden kann. Weitere Angaben k\u00f6nnen freiwillig get\u00e4tigt werden.<\/p>\n<p>Die von Dir gestellte Anfrage sowie die eingegebenen Angaben werden nicht gespeichert, sondern direkt per E-Mail an den gew\u00fcnschten Empf\u00e4nger geleitet.<br \/>\nSobald diese Daten f\u00fcr ihre Zweckbestimmung nicht mehr erforderlich sind, werden sie gel\u00f6scht. Zudem werden diese Daten ohne Deine ausdr\u00fcckliche Zustimmung nicht an Dritte weitergegeben.<\/p>\n<p><span style=\"text-decoration: underline;\"><strong>Server-Logfiles<\/strong><\/span><\/p>\n<p>Wir erheben im Sinne des Art. 6 Abs. 1 lit. f. DSGVO Daten \u00fcber jeden Zugriff auf den Server, auf dem sich unsere Onlinepr\u00e4senz befindet (sogenannte Server-Logfiles). Dies sind der Name der aufgerufenen Webseite bzw. Datei, ein Zeitstempel, \u00fcbertragene Datengr\u00f6\u00dfe, Browsertyp und Browserversion, verwendetes Betriebssystem, Referrer URL, IP-Adresse und der Provider. Diese Daten lassen nicht bestimmten Personen zuordnen und werden auch nicht mit anderen Datenquellen zusammengef\u00fchrt. Server-Logfiles werden aus Sicherheitsgr\u00fcnden (z.B. zur Aufkl\u00e4rung von Missbrauchs- oder Betrugshandlungen) f\u00fcr die Dauer von maximal 30 Tagen gespeichert und danach gel\u00f6scht. Liegen uns konkrete Anhaltspunkte f\u00fcr eine rechtswidrige Nutzung der Onlinepr\u00e4senz vor, sind die Daten bis zur endg\u00fcltigen Kl\u00e4rung des jeweiligen Vorfalls von der L\u00f6schung ausgenommen.<\/p>\n<p><span style=\"text-decoration: underline;\"><strong>Drittanbieter<\/strong><\/span><\/p>\n<p>Wir setzen in unserem Onlineangebot im Sinne des Art. 6 Abs. 1 lit. f. DSGVO) Inhalts- oder Serviceangebote von Drittanbietern ein, um deren Inhalte einzubinden. Die Einbindung dieser Inhalte erfolgt durch einen Serveraufruf beim entsprechenden Anbieter.<\/p>\n<p>Hierdurch wird auch die IP-Adresse Ihres Browsers \u00fcbermittelt. Folgende Drittanbieter k\u00f6nnen in unserer Onlinepr\u00e4senz eingebunden sein:<\/p>\n<ul style=\"list-style-type: circle;\">\n<li>Externer Code des JavaScript-Frameworks \u201cjQuery\u201d, bereitgestellt durch den Dritt-Anbieter jQuery Foundation, https:\/\/jquery.org .<\/li>\n<li>Spielergebnisse und Tabellenst\u00e4nde von Fussball.de, DFB GmbH, Otto-Fleck-Schneise 6, 60528 Frankfurt\/Main. Datenschutzerkl\u00e4rung: http:\/\/www.fussball.de\/privacy<\/li>\n<li>aktuelle Wetterdaten von &#8222;AccuWeather.com&#8220; Datenschutzerkl\u00e4rung: https:\/\/www.accuweather.com\/de\/privacy<\/li>\n<\/ul>\n<p><span style=\"text-decoration: underline;\"><strong>Sichere Daten\u00fcbertragung<\/strong><\/span><\/p>\n<p>Unsere Webseite ist mit einem SSL-Zertifikat ausgestattet. Jeder Abruf wird verschl\u00fcsselt \u00fcbertragen. Die SSL-Verbindung erkennst Du daran, dass in der Regel in der Statuszeile Deines Webbrowsers ein geschlossenes gr\u00fcnes Vorh\u00e4ngeschloss angezeigt wird.<\/p>\n<p><span style=\"text-decoration: underline;\"><strong>Widerspruchsrecht und Auskunftsrecht<\/strong><\/span><\/p>\n<p>Du hast jederzeit ein Recht auf unentgeltliche Auskunft \u00fcber Deine gespeicherten personenbezogenen Daten sowie ggf. ein Recht auf Berichtigung, Sperrung oder L\u00f6schung dieser Daten. Sofern weitere Informationen gew\u00fcnscht werden oder die Berichtigung, Sperrung oder L\u00f6schung der Daten des Kunden gew\u00fcnscht wird, kannst Du eine E-Mail an info(at)weimarersv.de senden. Sollten gesetzliche Vorschriften eine L\u00f6schung nicht zulassen, werden Deine Daten stattdessen gesperrt, so dass sie nur noch zum Zwecke der zwingenden gesetzlichen Vorschriften zug\u00e4nglich sind. Unsere Datenschutzerkl\u00e4rung kann sich von Zeit zu Zeit \u00e4ndern. Hierzu z\u00e4hlen auch Weiterentwicklungen durch Ver\u00e4nderungen unseres Gesch\u00e4ftes sowie Anpassungen aufgrund einer ge\u00e4nderten Gesetzeslage.<\/p>\n<p>Entsprechende Aktualisierungen der Datenschutzerkl\u00e4rung werden von uns auf dieser Seite ver\u00f6ffentlicht werden. Im Falle wesentlicher \u00c4nderungen werden wir entsprechend darauf hinweisen. Falls Du noch weitere Fragen hast, die Dir unsere Datenschutzerkl\u00e4rung nicht beantworten konnte, schreibe uns bitte eine E-Mail.<\/p>\n<p><span style=\"text-decoration: underline;\"><strong>Weitere Datenschutzinformation<\/strong><\/span><\/p>\n<p><a href=\"https:\/\/weimarersv.de\/wordpress\/wp-content\/uploads\/2018-05-26_Datenschutzinformationen_WSV.pdf\" target=\"_blank\" rel=\"noopener noreferrer\">Weitere Datenschutzinformationen<\/a> stehen zur Verf\u00fcgung.<\/p>\n","protected":false},"excerpt":{"rendered":"<p>Diese Datenschutzerkl\u00e4rung kl\u00e4rt Sie \u00fcber die Art, den Umfang und Zweck der Verarbeitung von personenbezogenen Daten innerhalb unseres Internetauftritts auf. Verantwortlich: Weimarer Sportverein e.V. Am Sportplatz 12 99425 Weimar, Deutschland E-Mailadresse: info(at)weimarersv.de Vorstand: Kai Stodollik Link zum Impressum: https:\/\/weimarersv.de\/wordpress\/index.php\/impressum\/ Kontakt &hellip; <a href=\"https:\/\/weimarersv.de\/wordpress\/index.php\/datenschutzerklaerung\/\">Weiterlesen <span class=\"meta-nav\">&rarr;<\/span><\/a><\/p>\n","protected":false},"author":1,"featured_media":0,"parent":0,"menu_order":0,"comment_status":"closed","ping_status":"closed","template":"","meta":{"ngg_post_thumbnail":0,"footnotes":""},"class_list":["post-696","page","type-page","status-publish","hentry"],"_links":{"self":[{"href":"https:\/\/weimarersv.de\/wordpress\/index.php\/wp-json\/wp\/v2\/pages\/696","targetHints":{"allow":["GET"]}}],"collection":[{"href":"https:\/\/weimarersv.de\/wordpress\/index.php\/wp-json\/wp\/v2\/pages"}],"about":[{"href":"https:\/\/weimarersv.de\/wordpress\/index.php\/wp-json\/wp\/v2\/types\/page"}],"author":[{"embeddable":true,"href":"https:\/\/weimarersv.de\/wordpress\/index.php\/wp-json\/wp\/v2\/users\/1"}],"replies":[{"embeddable":true,"href":"https:\/\/weimarersv.de\/wordpress\/index.php\/wp-json\/wp\/v2\/comments?post=696"}],"version-history":[{"count":3,"href":"https:\/\/weimarersv.de\/wordpress\/index.php\/wp-json\/wp\/v2\/pages\/696\/revisions"}],"predecessor-version":[{"id":743,"href":"https:\/\/weimarersv.de\/wordpress\/index.php\/wp-json\/wp\/v2\/pages\/696\/revisions\/743"}],"wp:attachment":[{"href":"https:\/\/weimarersv.de\/wordpress\/index.php\/wp-json\/wp\/v2\/media?parent=696"}],"curies":[{"name":"wp","href":"https:\/\/api.w.org\/{rel}","templated":true}]}}