{"id":83,"date":"2012-12-27T13:58:31","date_gmt":"2012-12-27T12:58:31","guid":{"rendered":"http:\/\/weimarersv.de\/wordpress\/?page_id=83"},"modified":"2017-07-19T14:18:46","modified_gmt":"2017-07-19T12:18:46","slug":"seniorensport","status":"publish","type":"page","link":"https:\/\/weimarersv.de\/wordpress\/index.php\/seniorensport\/","title":{"rendered":"Abteilung Seniorensport"},"content":{"rendered":"<p>Wir bieten Gymnastik f\u00fcr Senioren, die sich gern sportlich bet\u00e4tigen m\u00f6chten.<\/p>\n<p><strong>Alter spielt keine Rolle!<\/strong><\/p>\n<p>Unter fachlicher Anleitung ausgebildeter \u00dcbungsleiter wird entsprechend des k\u00f6rperlichen Leistungsverm\u00f6gens die Beweglichkeit im Alltag verbessert bzw. erhalten.<\/p>\n<p>Bei Interesse steht einem Probeturnen zu folgenden \u00dcbungszeiten nichts mehr im Wege.<br \/>\n\n<table id=\"tablepress-5\" class=\"tablepress tablepress-id-5 tbody-has-connected-cells\">\n<thead>\n<tr class=\"row-1\">\n\t<th colspan=\"3\" class=\"column-1\"><strong><u>\u00dcbungszeiten:<\/u><\/strong><\/th>\n<\/tr>\n<\/thead>\n<tbody class=\"row-striping row-hover\">\n<tr class=\"row-2\">\n\t<td class=\"column-1\"><\/td><td class=\"column-2\"><\/td><td class=\"column-3\"><\/td>\n<\/tr>\n<tr class=\"row-3\">\n\t<td colspan=\"3\" class=\"column-1\"><strong><u>Montag:<\/u><\/strong><\/td>\n<\/tr>\n<tr class=\"row-4\">\n\t<td class=\"column-1\">08.00 - 08.45 Uhr<\/td><td class=\"column-2\">Seniorengymnastik<\/td><td class=\"column-3\">Turnhalle L.-Cranach-Schule<br \/>\nWeimar-Nord<\/td>\n<\/tr>\n<tr class=\"row-5\">\n\t<td class=\"column-1\">09.00 - 10.00 Uhr<\/td><td class=\"column-2\">Wohlf\u00fchlgymnastik<\/td><td class=\"column-3\">Mehrgenerationenhaus Weimar-West<\/td>\n<\/tr>\n<tr class=\"row-6\">\n\t<td class=\"column-1\">12.00 - 13.00 Uhr<\/td><td class=\"column-2\">Seniorengymnastik<\/td><td class=\"column-3\">Sporthalle des PSV Weimar<br \/>\n(alte Schwimmhalle)<\/td>\n<\/tr>\n<tr class=\"row-7\">\n\t<td class=\"column-1\"><\/td><td class=\"column-2\"><\/td><td class=\"column-3\"><\/td>\n<\/tr>\n<tr class=\"row-8\">\n\t<td colspan=\"3\" class=\"column-1\"><strong><u>Dienstag:<\/u><\/strong><\/td>\n<\/tr>\n<tr class=\"row-9\">\n\t<td class=\"column-1\">09.30 - 10.30 Uhr<\/td><td class=\"column-2\">Seniorengymnastik<\/td><td class=\"column-3\">Mehrgenerationenhaus Weimar-West<\/td>\n<\/tr>\n<tr class=\"row-10\">\n\t<td class=\"column-1\">10.45 - 11.45 Uhr<\/td><td class=\"column-2\">Seniorengymnastik<\/td><td class=\"column-3\">Mehrgenerationenhaus Weimar-West<\/td>\n<\/tr>\n<tr class=\"row-11\">\n\t<td class=\"column-1\"><\/td><td class=\"column-2\"><\/td><td class=\"column-3\"><\/td>\n<\/tr>\n<tr class=\"row-12\">\n\t<td colspan=\"3\" class=\"column-1\"><strong><u>Mittwoch:<\/u><\/strong><\/td>\n<\/tr>\n<tr class=\"row-13\">\n\t<td class=\"column-1\">09.15 - 10.00 Uhr<\/td><td class=\"column-2\">Stuhlgymnastik<\/td><td class=\"column-3\">Mehrgenerationenhaus Weimar-West<\/td>\n<\/tr>\n<tr class=\"row-14\">\n\t<td class=\"column-1\">10.30 - 11.30 Uhr<\/td><td class=\"column-2\">Tanz und Rhythmus<\/td><td class=\"column-3\">Mehrgenerationenhaus Weimar-West<\/td>\n<\/tr>\n<tr class=\"row-15\">\n\t<td class=\"column-1\"><\/td><td class=\"column-2\"><\/td><td class=\"column-3\"><\/td>\n<\/tr>\n<tr class=\"row-16\">\n\t<td colspan=\"3\" class=\"column-1\"><strong><u>Donnerstag:<\/u><\/strong><\/td>\n<\/tr>\n<tr class=\"row-17\">\n\t<td class=\"column-1\">11.00 - 12.00 Uhr<\/td><td class=\"column-2\">Seniorengymnastik<\/td><td class=\"column-3\">Sporthalle des PSV Weimar<br \/>\n(alte Schwimmhalle)<\/td>\n<\/tr>\n<tr class=\"row-18\">\n\t<td class=\"column-1\"><\/td><td class=\"column-2\"><\/td><td class=\"column-3\"><\/td>\n<\/tr>\n<\/tbody>\n<tfoot>\n<tr class=\"row-19\">\n\t<th colspan=\"3\" class=\"column-1\"><strong>Bitte bequeme Sportkleidung, Turnschuhe und Turnmatte mitbringen!<\/strong><\/th>\n<\/tr>\n<\/tfoot>\n<\/table>\n<!-- #tablepress-5 from cache --><\/p>\n","protected":false},"excerpt":{"rendered":"<p>Wir bieten Gymnastik f\u00fcr Senioren, die sich gern sportlich bet\u00e4tigen m\u00f6chten. Alter spielt keine Rolle! Unter fachlicher Anleitung ausgebildeter \u00dcbungsleiter wird entsprechend des k\u00f6rperlichen Leistungsverm\u00f6gens die Beweglichkeit im Alltag verbessert bzw. erhalten. Bei Interesse steht einem Probeturnen zu folgenden \u00dcbungszeiten &hellip; <a href=\"https:\/\/weimarersv.de\/wordpress\/index.php\/seniorensport\/\">Weiterlesen <span class=\"meta-nav\">&rarr;<\/span><\/a><\/p>\n","protected":false},"author":1,"featured_media":0,"parent":0,"menu_order":0,"comment_status":"closed","ping_status":"open","template":"","meta":{"ngg_post_thumbnail":0,"footnotes":""},"class_list":["post-83","page","type-page","status-publish","hentry"],"_links":{"self":[{"href":"https:\/\/weimarersv.de\/wordpress\/index.php\/wp-json\/wp\/v2\/pages\/83","targetHints":{"allow":["GET"]}}],"collection":[{"href":"https:\/\/weimarersv.de\/wordpress\/index.php\/wp-json\/wp\/v2\/pages"}],"about":[{"href":"https:\/\/weimarersv.de\/wordpress\/index.php\/wp-json\/wp\/v2\/types\/page"}],"author":[{"embeddable":true,"href":"https:\/\/weimarersv.de\/wordpress\/index.php\/wp-json\/wp\/v2\/users\/1"}],"replies":[{"embeddable":true,"href":"https:\/\/weimarersv.de\/wordpress\/index.php\/wp-json\/wp\/v2\/comments?post=83"}],"version-history":[{"count":10,"href":"https:\/\/weimarersv.de\/wordpress\/index.php\/wp-json\/wp\/v2\/pages\/83\/revisions"}],"predecessor-version":[{"id":572,"href":"https:\/\/weimarersv.de\/wordpress\/index.php\/wp-json\/wp\/v2\/pages\/83\/revisions\/572"}],"wp:attachment":[{"href":"https:\/\/weimarersv.de\/wordpress\/index.php\/wp-json\/wp\/v2\/media?parent=83"}],"curies":[{"name":"wp","href":"https:\/\/api.w.org\/{rel}","templated":true}]}}